
{"id":320,"date":"2020-07-02T18:50:15","date_gmt":"2020-07-02T16:50:15","guid":{"rendered":"https:\/\/escodolforadatformentera.com\/legal\/"},"modified":"2021-06-22T16:50:34","modified_gmt":"2021-06-22T14:50:34","slug":"legal","status":"publish","type":"page","link":"https:\/\/escodolforadatformentera.com\/it\/legal\/","title":{"rendered":"Legal"},"content":{"rendered":"<h3>Informaci\u00f3 general<\/h3>\n<p>En compliment de la llei 34\/2002, d\u201911 de juliol, de serveis de la societat de la informaci\u00f3 i del comer\u00e7 electr\u00f2nic:<\/p>\n<p>Titular de la p\u00e0gina web: Can Carlitos SL est\u00e0 domiciliada a C\/ Jaume I ,17 1r 1\u00aa 07860 Formentera (Illes Balears). Inscrita en el Registre Mercantil de Eivissa, al tom 305, llibre 304, foli 83, full IB-13934, inscripci\u00f3 1\u00aa i C.I.F. B57969008. Adre\u00e7a de correu electr\u00f2nic de contacte: <a href=\"mailto:hola@aiguaaire.com\">hola@aiguaaire.com<\/a> \u00e9s l\u2019adre\u00e7a web de www.aiguaaire.com mitjan\u00e7ant la qual ofereix als usuaris d\u2019Internet informaci\u00f3 sobre l\u2019empresa i els serveis que ofereix.<\/p>\n<p>&nbsp;<\/p>\n<h3>Propietat intel\u00b7lectual<\/h3>\n<p>\u00a9 Copyright 2021 Can Carlitos SL, tots els drets d\u2019explotaci\u00f3 estan reservats. Els drets de propietat intel\u00b7lectual sobre el contingut \u00edntegre d\u2019aquesta p\u00e0gina web s\u00f3n propietat de Can Carlitos SL. Queda prohibida la reproducci\u00f3, retransmissi\u00f3, c\u00f2pia, cessi\u00f3 o difusi\u00f3 total o parcial del seu contingut sense autoritzaci\u00f3 expressa i per escrit. Aix\u00ed com tampoc s\u2019autoritza:<\/p>\n<p>\u2013 Presentaci\u00f3 d\u2019una p\u00e0gina del lloc web en una finestra que no pertany a Can Carlitos SL per mitj\u00e0 de \u201cframing\u201d.<br \/>\n\u2013 La inserci\u00f3 d\u2019una imatge difosa al lloc web en una p\u00e0gina que no \u00e9s de Can Carlitos SL mitjan\u00e7ant \u201cin line linking\u201d.<br \/>\n\u2013 L\u2019extracci\u00f3 d\u2019elements del lloc web causant perjudici a Can Carlitos SL conforme les disposicions vigents.<\/p>\n<p>&nbsp;<\/p>\n<h3>Responsabilitat dels continguts i els enlla\u00e7os<\/h3>\n<p>Can Carlitos SL no assumeix la responsabilitat de les infraccions que els usuaris puguin inc\u00f3rrer o dels danys i perjudicis causats per la utilitzaci\u00f3 d\u2019aquesta web i es reserva el dret d\u2019actualitzaci\u00f3 i modificaci\u00f3 de la informaci\u00f3 sense previ av\u00eds. Can Carlitos SL no assumeix la responsabilitat del contingut, veracitat i errors en els enlla\u00e7os als quals es pot accedir a trav\u00e9s de la p\u00e0gina web. La \u00fanica finalitat dels enlla\u00e7os \u00e9s la de proporcionar als usuaris l\u2019acc\u00e9s a una informaci\u00f3 que pot ser del seu inter\u00e8s.<\/p>\n<p>&nbsp;<\/p>\n<h3>Dades de car\u00e0cter personal: pol\u00edtica de privacitat<\/h3>\n<p>Les dades que l\u2019usuari faciliti volunt\u00e0riament a trav\u00e9s d\u2019aquesta p\u00e0gina web, seran objecte de tractament automatitzat i s\u2019incorporaran a un fitxer propietat de Can Carlitos SL a utilitzar les seves dades personals per funcions comercials, permetent enviar informacions publicit\u00e0ries relacionades amb els seus productes i serveis. Les seves dades podran ser cedides a altres empreses amb finalitats promocionals i publicit\u00e0ries. Segons estableix la Llei Org\u00e0nica 15\/1999, de 13 de desembre, de protecci\u00f3 de dades de car\u00e0cter personal, qualsevol usuari pot exercir el dret d\u2019acc\u00e9s, rectificaci\u00f3, cancel\u00b7laci\u00f3 i oposici\u00f3 de les seves dades personals facilitades, dirigint-se per escrit a:<\/p>\n<p>&nbsp;<\/p>\n<p>Can Carlitos SL<br \/>\nB57969008<br \/>\nC\/ Jaume I ,17 1r 1\u00aa<br \/>\n07860 Formentera (Illes Balears)<\/p>\n<p>&nbsp;<\/p>\n<p>El sistema de navegaci\u00f3 i el software necessaris pel funcionament d\u2019aquest lloc web recull, en el curs normal per al seu exercici, algunes dades personals la transmissi\u00f3 de les quals \u00e9s impl\u00edcita en l\u2019\u00fas dels protocols de comunicaci\u00f3 d\u2019Internet. Es tracta d\u2019informaci\u00f3 que no \u00e9s obtinguda per \u00e9sser associada a interessats identificats, per\u00f2 que per la seva naturalesa podrien, mitjan\u00e7ant la seva elaboraci\u00f3 o associaci\u00f3 amb dades de tercers, permetre\u2019n la identificaci\u00f3. Aquestes dades s\u2019utilitzen amb l\u2019exclusiva finalitat d\u2019obtenir informaci\u00f3 estad\u00edstica an\u00f2nima sobre l\u2019\u00fas del lloc web, aix\u00ed com tamb\u00e9 per controlar-ne el correcte funcionament t\u00e8cnic i es cancel\u00b7len immediatament despr\u00e9s de la seva elaboraci\u00f3.<\/p>\n<p>&nbsp;<\/p>\n<h3>Llei i jurisdicci\u00f3 aplicable<\/h3>\n<p>Les anteriors condicions es regiran per la normativa espanyola.<\/p>\n","protected":false},"excerpt":{"rendered":"<p>Informaci\u00f3 general En compliment de la llei 34\/2002, d\u201911 de juliol, de serveis de la societat de la informaci\u00f3 i del comer\u00e7 electr\u00f2nic: Titular de la p\u00e0gina web: Can Carlitos SL est\u00e0 domiciliada a C\/ Jaume I ,17 1r 1\u00aa 07860 Formentera (Illes Balears). Inscrita en el Registre Mercantil de Eivissa, al tom 305, llibre [&hellip;]<\/p>\n","protected":false},"author":1,"featured_media":0,"parent":0,"menu_order":11,"comment_status":"closed","ping_status":"closed","template":"app-controller\/legal.php","meta":{"_acf_changed":false,"footnotes":""},"class_list":["post-320","page","type-page","status-publish","hentry"],"acf":[],"_links":{"self":[{"href":"https:\/\/escodolforadatformentera.com\/it\/wp-json\/wp\/v2\/pages\/320","targetHints":{"allow":["GET"]}}],"collection":[{"href":"https:\/\/escodolforadatformentera.com\/it\/wp-json\/wp\/v2\/pages"}],"about":[{"href":"https:\/\/escodolforadatformentera.com\/it\/wp-json\/wp\/v2\/types\/page"}],"author":[{"embeddable":true,"href":"https:\/\/escodolforadatformentera.com\/it\/wp-json\/wp\/v2\/users\/1"}],"replies":[{"embeddable":true,"href":"https:\/\/escodolforadatformentera.com\/it\/wp-json\/wp\/v2\/comments?post=320"}],"version-history":[{"count":1,"href":"https:\/\/escodolforadatformentera.com\/it\/wp-json\/wp\/v2\/pages\/320\/revisions"}],"predecessor-version":[{"id":444,"href":"https:\/\/escodolforadatformentera.com\/it\/wp-json\/wp\/v2\/pages\/320\/revisions\/444"}],"wp:attachment":[{"href":"https:\/\/escodolforadatformentera.com\/it\/wp-json\/wp\/v2\/media?parent=320"}],"curies":[{"name":"wp","href":"https:\/\/api.w.org\/{rel}","templated":true}]}}